{"id":4514,"date":"2025-10-02T18:25:56","date_gmt":"2025-10-02T16:25:56","guid":{"rendered":"https:\/\/quatrehomme.fr\/?page_id=4514"},"modified":"2025-10-02T18:45:36","modified_gmt":"2025-10-02T16:45:36","slug":"professionnels","status":"publish","type":"page","link":"https:\/\/quatrehomme.fr\/en\/professionnels\/","title":{"rendered":"Professionals"},"content":{"rendered":"<div data-elementor-type=\"wp-page\" data-elementor-id=\"4514\" class=\"elementor elementor-4514\" data-elementor-post-type=\"page\">\n\t\t\t\t<div class=\"elementor-element elementor-element-d94f5d2 e-con-full e-flex e-con e-parent\" data-id=\"d94f5d2\" data-element_type=\"container\" data-settings=\"{&quot;background_background&quot;:&quot;classic&quot;}\">\n\t\t\t\t<div class=\"elementor-element elementor-element-f7350a4 animated-slow elementor-invisible elementor-widget elementor-widget-heading\" data-id=\"f7350a4\" data-element_type=\"widget\" data-settings=\"{&quot;_animation&quot;:&quot;fadeInUp&quot;,&quot;_animation_delay&quot;:200}\" data-widget_type=\"heading.default\">\n\t\t\t\t<div class=\"elementor-widget-container\">\n\t\t\t\t\t<h2 class=\"elementor-heading-title elementor-size-default\">Professionals<\/h2>\t\t\t\t<\/div>\n\t\t\t\t<\/div>\n\t\t\t\t<div class=\"elementor-element elementor-element-5be5457 animated-slow elementor-invisible elementor-widget elementor-widget-text-editor\" data-id=\"5be5457\" data-element_type=\"widget\" data-settings=\"{&quot;_animation&quot;:&quot;fadeInUp&quot;,&quot;_animation_delay&quot;:400}\" data-widget_type=\"text-editor.default\">\n\t\t\t\t<div class=\"elementor-widget-container\">\n\t\t\t\t\t\t\t\t\t<p>We'll help you create a tailor-made selection of cheeses to enhance your menu, your buffet or your event.<\/p>\t\t\t\t\t\t\t\t<\/div>\n\t\t\t\t<\/div>\n\t\t\t\t<div class=\"elementor-element elementor-element-defec20 elementor-widget__width-inherit elementor-align-center elementor-widget elementor-widget-lottie\" data-id=\"defec20\" data-element_type=\"widget\" data-settings=\"{&quot;source_json&quot;:{&quot;url&quot;:&quot;https:\\\/\\\/quatrehomme.fr\\\/wp-content\\\/uploads\\\/2025\\\/01\\\/Animation-1737164285450.json&quot;,&quot;id&quot;:3589,&quot;size&quot;:&quot;&quot;,&quot;alt&quot;:&quot;&quot;,&quot;source&quot;:&quot;library&quot;},&quot;loop&quot;:&quot;yes&quot;,&quot;play_speed&quot;:{&quot;unit&quot;:&quot;px&quot;,&quot;size&quot;:2,&quot;sizes&quot;:[]},&quot;source&quot;:&quot;media_file&quot;,&quot;caption_source&quot;:&quot;none&quot;,&quot;link_to&quot;:&quot;none&quot;,&quot;trigger&quot;:&quot;arriving_to_viewport&quot;,&quot;viewport&quot;:{&quot;unit&quot;:&quot;%&quot;,&quot;size&quot;:&quot;&quot;,&quot;sizes&quot;:{&quot;start&quot;:0,&quot;end&quot;:100}},&quot;start_point&quot;:{&quot;unit&quot;:&quot;%&quot;,&quot;size&quot;:0,&quot;sizes&quot;:[]},&quot;end_point&quot;:{&quot;unit&quot;:&quot;%&quot;,&quot;size&quot;:100,&quot;sizes&quot;:[]},&quot;renderer&quot;:&quot;svg&quot;}\" data-widget_type=\"lottie.default\">\n\t\t\t\t<div class=\"elementor-widget-container\">\n\t\t\t\t\t<div class=\"e-lottie__container\"><div class=\"e-lottie__animation\"><\/div><\/div>\t\t\t\t<\/div>\n\t\t\t\t<\/div>\n\t\t\t\t<\/div>\n\t\t<div class=\"elementor-element elementor-element-a9661e2 e-grid e-con-boxed e-con e-parent\" data-id=\"a9661e2\" data-element_type=\"container\">\n\t\t\t\t\t<div class=\"e-con-inner\">\n\t\t<div class=\"elementor-element elementor-element-7dbc7ba e-con-full e-flex e-con e-child\" data-id=\"7dbc7ba\" data-element_type=\"container\">\n\t\t\t\t<div class=\"elementor-element elementor-element-4bb3723 elementor-widget elementor-widget-spacer\" data-id=\"4bb3723\" data-element_type=\"widget\" data-widget_type=\"spacer.default\">\n\t\t\t\t<div class=\"elementor-widget-container\">\n\t\t\t\t\t\t\t<div class=\"elementor-spacer\">\n\t\t\t<div class=\"elementor-spacer-inner\"><\/div>\n\t\t<\/div>\n\t\t\t\t\t\t<\/div>\n\t\t\t\t<\/div>\n\t\t\t\t<div class=\"elementor-element elementor-element-3890a8f animated-slow elementor-widget elementor-widget-text-editor\" data-id=\"3890a8f\" data-element_type=\"widget\" data-settings=\"{&quot;_animation&quot;:&quot;none&quot;,&quot;_animation_delay&quot;:400}\" data-widget_type=\"text-editor.default\">\n\t\t\t\t<div class=\"elementor-widget-container\">\n\t\t\t\t\t\t\t\t\t<p data-start=\"287\" data-end=\"498\"><strong>For more than three decades, Fromagerie Quatrehomme has been helping Parisian restaurateurs and events professionals create made-to-measure cheese offers, designed to enhance your menu and your events, and to fit in with your identity.<\/strong><\/p><p data-start=\"500\" data-end=\"807\">Whether you're a restaurant owner, a caterer or an event organiser, we can offer you a refined and evolving selection. Our range is as broad as it is sophisticated, with a constant focus on quality, authenticity and taste.<\/p><p data-start=\"168\" data-end=\"400\">\u00a0<\/p>\t\t\t\t\t\t\t\t<\/div>\n\t\t\t\t<\/div>\n\t\t\t\t<div class=\"elementor-element elementor-element-b75a476 elementor-widget elementor-widget-gallery\" data-id=\"b75a476\" data-element_type=\"widget\" data-settings=\"{&quot;gallery_layout&quot;:&quot;justified&quot;,&quot;lazyload&quot;:&quot;yes&quot;,&quot;ideal_row_height&quot;:{&quot;unit&quot;:&quot;px&quot;,&quot;size&quot;:200,&quot;sizes&quot;:[]},&quot;ideal_row_height_tablet&quot;:{&quot;unit&quot;:&quot;px&quot;,&quot;size&quot;:150,&quot;sizes&quot;:[]},&quot;ideal_row_height_mobile&quot;:{&quot;unit&quot;:&quot;px&quot;,&quot;size&quot;:150,&quot;sizes&quot;:[]},&quot;gap&quot;:{&quot;unit&quot;:&quot;px&quot;,&quot;size&quot;:10,&quot;sizes&quot;:[]},&quot;gap_tablet&quot;:{&quot;unit&quot;:&quot;px&quot;,&quot;size&quot;:10,&quot;sizes&quot;:[]},&quot;gap_mobile&quot;:{&quot;unit&quot;:&quot;px&quot;,&quot;size&quot;:10,&quot;sizes&quot;:[]},&quot;overlay_background&quot;:&quot;yes&quot;,&quot;content_hover_animation&quot;:&quot;fade-in&quot;}\" data-widget_type=\"gallery.default\">\n\t\t\t\t<div class=\"elementor-widget-container\">\n\t\t\t\t\t\t\t<div class=\"elementor-gallery__container\">\n\t\t\t\t\t\t\t<div class=\"e-gallery-item elementor-gallery-item elementor-animated-content\">\n\t\t\t\t\t<div class=\"e-gallery-image elementor-gallery-item__image\" data-thumbnail=\"https:\/\/quatrehomme.fr\/wp-content\/uploads\/2025\/10\/Quatrehomme-HiltonLaDefense@AliceCasenave-18-200x300.jpg\" data-width=\"200\" data-height=\"300\" aria-label=\"\" role=\"img\" ><\/div>\n\t\t\t\t\t\t\t\t\t\t\t<div class=\"elementor-gallery-item__overlay\"><\/div>\n\t\t\t\t\t\t\t\t\t\t\t\t\t\t<\/div>\n\t\t\t\t\t\t\t<div class=\"e-gallery-item elementor-gallery-item elementor-animated-content\">\n\t\t\t\t\t<div class=\"e-gallery-image elementor-gallery-item__image\" data-thumbnail=\"https:\/\/quatrehomme.fr\/wp-content\/uploads\/2025\/10\/Quatrehomme-Issy@AliceCasenave-44-200x300.jpg\" data-width=\"200\" data-height=\"300\" aria-label=\"\" role=\"img\" ><\/div>\n\t\t\t\t\t\t\t\t\t\t\t<div class=\"elementor-gallery-item__overlay\"><\/div>\n\t\t\t\t\t\t\t\t\t\t\t\t\t\t<\/div>\n\t\t\t\t\t\t\t<div class=\"e-gallery-item elementor-gallery-item elementor-animated-content\">\n\t\t\t\t\t<div class=\"e-gallery-image elementor-gallery-item__image\" data-thumbnail=\"https:\/\/quatrehomme.fr\/wp-content\/uploads\/2025\/10\/Quatrehomme-ACF@AliceCasenave-2-300x200.jpg\" data-width=\"300\" data-height=\"200\" aria-label=\"\" role=\"img\" ><\/div>\n\t\t\t\t\t\t\t\t\t\t\t<div class=\"elementor-gallery-item__overlay\"><\/div>\n\t\t\t\t\t\t\t\t\t\t\t\t\t\t<\/div>\n\t\t\t\t\t\t\t<div class=\"e-gallery-item elementor-gallery-item elementor-animated-content\">\n\t\t\t\t\t<div class=\"e-gallery-image elementor-gallery-item__image\" data-thumbnail=\"https:\/\/quatrehomme.fr\/wp-content\/uploads\/2025\/10\/QuatrehommePlateaux@AliceCasenave-17-300x200.jpg\" data-width=\"300\" data-height=\"200\" aria-label=\"\" role=\"img\" ><\/div>\n\t\t\t\t\t\t\t\t\t\t\t<div class=\"elementor-gallery-item__overlay\"><\/div>\n\t\t\t\t\t\t\t\t\t\t\t\t\t\t<\/div>\n\t\t\t\t\t\t\t<div class=\"e-gallery-item elementor-gallery-item elementor-animated-content\">\n\t\t\t\t\t<div class=\"e-gallery-image elementor-gallery-item__image\" data-thumbnail=\"https:\/\/quatrehomme.fr\/wp-content\/uploads\/2025\/10\/QuatrehommePlateaux@AliceCasenave-1-300x200.jpg\" data-width=\"300\" data-height=\"200\" aria-label=\"\" role=\"img\" ><\/div>\n\t\t\t\t\t\t\t\t\t\t\t<div class=\"elementor-gallery-item__overlay\"><\/div>\n\t\t\t\t\t\t\t\t\t\t\t\t\t\t<\/div>\n\t\t\t\t\t\t\t<div class=\"e-gallery-item elementor-gallery-item elementor-animated-content\">\n\t\t\t\t\t<div class=\"e-gallery-image elementor-gallery-item__image\" data-thumbnail=\"https:\/\/quatrehomme.fr\/wp-content\/uploads\/2025\/10\/Quatrehomme-ACF@AliceCasenave-8-200x300.jpg\" data-width=\"200\" data-height=\"300\" aria-label=\"\" role=\"img\" ><\/div>\n\t\t\t\t\t\t\t\t\t\t\t<div class=\"elementor-gallery-item__overlay\"><\/div>\n\t\t\t\t\t\t\t\t\t\t\t\t\t\t<\/div>\n\t\t\t\t\t\t\t<div class=\"e-gallery-item elementor-gallery-item elementor-animated-content\">\n\t\t\t\t\t<div class=\"e-gallery-image elementor-gallery-item__image\" data-thumbnail=\"https:\/\/quatrehomme.fr\/wp-content\/uploads\/2025\/10\/Quatrehomme-Square@AliceCasenave-9-200x300.jpg\" data-width=\"200\" data-height=\"300\" aria-label=\"\" role=\"img\" ><\/div>\n\t\t\t\t\t\t\t\t\t\t\t<div class=\"elementor-gallery-item__overlay\"><\/div>\n\t\t\t\t\t\t\t\t\t\t\t\t\t\t<\/div>\n\t\t\t\t\t\t\t<div class=\"e-gallery-item elementor-gallery-item elementor-animated-content\">\n\t\t\t\t\t<div class=\"e-gallery-image elementor-gallery-item__image\" data-thumbnail=\"https:\/\/quatrehomme.fr\/wp-content\/uploads\/2025\/10\/Quatrehomme-Square@AliceCasenave-2-200x300.jpg\" data-width=\"200\" data-height=\"300\" aria-label=\"\" role=\"img\" ><\/div>\n\t\t\t\t\t\t\t\t\t\t\t<div class=\"elementor-gallery-item__overlay\"><\/div>\n\t\t\t\t\t\t\t\t\t\t\t\t\t\t<\/div>\n\t\t\t\t\t<\/div>\n\t\t\t\t\t<\/div>\n\t\t\t\t<\/div>\n\t\t\t\t<div class=\"elementor-element elementor-element-6d4fb63 elementor-widget elementor-widget-spacer\" data-id=\"6d4fb63\" data-element_type=\"widget\" data-widget_type=\"spacer.default\">\n\t\t\t\t<div class=\"elementor-widget-container\">\n\t\t\t\t\t\t\t<div class=\"elementor-spacer\">\n\t\t\t<div class=\"elementor-spacer-inner\"><\/div>\n\t\t<\/div>\n\t\t\t\t\t\t<\/div>\n\t\t\t\t<\/div>\n\t\t\t\t<div class=\"elementor-element elementor-element-3fc888a animated-slow elementor-drop-cap-yes elementor-drop-cap-view-default elementor-widget elementor-widget-text-editor\" data-id=\"3fc888a\" data-element_type=\"widget\" data-settings=\"{&quot;_animation&quot;:&quot;none&quot;,&quot;_animation_delay&quot;:400,&quot;drop_cap&quot;:&quot;yes&quot;}\" data-widget_type=\"text-editor.default\">\n\t\t\t\t<div class=\"elementor-widget-container\">\n\t\t\t\t\t\t\t\t\t<p data-start=\"87\" data-end=\"117\"><strong data-start=\"91\" data-end=\"115\">Events, caterers and companies<\/strong><\/p><p>Whether you're an event organiser, caterer, events agency or company, we can design elegant and generous events, buffets and cheese platters to suit all types of event. From corporate receptions and team-building events to trade shows, cocktail parties, seminars and buffets...<\/p><p>From more intimate tastings to a cheese bar with live cutting, our experienced team ensures meticulous presentation and service to meet your requirements.<\/p><p data-start=\"418\" data-end=\"445\"><strong data-start=\"422\" data-end=\"443\">A customised offer for restaurateurs<\/strong><\/p><p>Whether you're the chef of a gourmet restaurant or a local bistro, we'll help you create a cheese selection that's consistent with your needs and adapted to your menu.<\/p><p>We also offer a fast delivery service in Paris, and we can work with you to create a range that evolves with the seasons and your needs.<\/p>\t\t\t\t\t\t\t\t<\/div>\n\t\t\t\t<\/div>\n\t\t\t\t<div class=\"elementor-element elementor-element-a66273b elementor-widget elementor-widget-spacer\" data-id=\"a66273b\" data-element_type=\"widget\" data-widget_type=\"spacer.default\">\n\t\t\t\t<div class=\"elementor-widget-container\">\n\t\t\t\t\t\t\t<div class=\"elementor-spacer\">\n\t\t\t<div class=\"elementor-spacer-inner\"><\/div>\n\t\t<\/div>\n\t\t\t\t\t\t<\/div>\n\t\t\t\t<\/div>\n\t\t\t\t<div class=\"elementor-element elementor-element-884a29e animated-slow elementor-drop-cap-yes elementor-drop-cap-view-default elementor-widget elementor-widget-text-editor\" data-id=\"884a29e\" data-element_type=\"widget\" data-settings=\"{&quot;_animation&quot;:&quot;none&quot;,&quot;_animation_delay&quot;:400,&quot;drop_cap&quot;:&quot;yes&quot;}\" data-widget_type=\"text-editor.default\">\n\t\t\t\t<div class=\"elementor-widget-container\">\n\t\t\t\t\t\t\t\t\t<p data-start=\"418\" data-end=\"445\"><strong data-start=\"422\" data-end=\"443\">A team at your service<\/strong><\/p><p>Every project is unique. We take the time to listen to you, to understand your needs, and to work with you to create the offer best suited to your event or establishment.<\/p><p>\ud83d\udcde\ud83d\udce9 Contact us today to discuss your project :<\/p><p><strong>Nathalie QUATREHOMME <\/strong>- Event, Catering &amp; Courses Manager<\/p><p><strong>Godefroy REGNIER <\/strong>- Referent for Restaurants &amp; Collectivities<\/p>\t\t\t\t\t\t\t\t<\/div>\n\t\t\t\t<\/div>\n\t\t\t\t<div class=\"elementor-element elementor-element-7453cd2 elementor-widget elementor-widget-spacer\" data-id=\"7453cd2\" data-element_type=\"widget\" data-widget_type=\"spacer.default\">\n\t\t\t\t<div class=\"elementor-widget-container\">\n\t\t\t\t\t\t\t<div class=\"elementor-spacer\">\n\t\t\t<div class=\"elementor-spacer-inner\"><\/div>\n\t\t<\/div>\n\t\t\t\t\t\t<\/div>\n\t\t\t\t<\/div>\n\t\t\t\t<div class=\"elementor-element elementor-element-2c1a652 elementor-widget elementor-widget-spacer\" data-id=\"2c1a652\" data-element_type=\"widget\" data-widget_type=\"spacer.default\">\n\t\t\t\t<div class=\"elementor-widget-container\">\n\t\t\t\t\t\t\t<div class=\"elementor-spacer\">\n\t\t\t<div class=\"elementor-spacer-inner\"><\/div>\n\t\t<\/div>\n\t\t\t\t\t\t<\/div>\n\t\t\t\t<\/div>\n\t\t\t\t<div class=\"elementor-element elementor-element-be3e511 elementor-widget elementor-widget-heading\" data-id=\"be3e511\" data-element_type=\"widget\" data-widget_type=\"heading.default\">\n\t\t\t\t<div class=\"elementor-widget-container\">\n\t\t\t\t\t<h2 class=\"elementor-heading-title elementor-size-default\">Follow us on social networks to keep up to date with our latest news and creations...<\/h2>\t\t\t\t<\/div>\n\t\t\t\t<\/div>\n\t\t\t\t<div class=\"elementor-element elementor-element-116c629 elementor-shape-rounded elementor-grid-0 e-grid-align-center elementor-widget elementor-widget-social-icons\" data-id=\"116c629\" data-element_type=\"widget\" data-widget_type=\"social-icons.default\">\n\t\t\t\t<div class=\"elementor-widget-container\">\n\t\t\t\t\t\t\t<div class=\"elementor-social-icons-wrapper elementor-grid\" role=\"list\">\n\t\t\t\t\t\t\t<span class=\"elementor-grid-item\" role=\"listitem\">\n\t\t\t\t\t<a class=\"elementor-icon elementor-social-icon elementor-social-icon-facebook elementor-repeater-item-60d0b28\" href=\"https:\/\/www.facebook.com\/fromagequatrehomme\" target=\"_blank\" rel=\"noopener noreferrer nofollow\">\n\t\t\t\t\t\t<span class=\"elementor-screen-only\">Facebook<\/span>\n\t\t\t\t\t\t<svg aria-hidden=\"true\" class=\"e-font-icon-svg e-fab-facebook\" viewbox=\"0 0 512 512\" xmlns=\"http:\/\/www.w3.org\/2000\/svg\"><path d=\"M504 256C504 119 393 8 256 8S8 119 8 256c0 123.78 90.69 226.38 209.25 245V327.69h-63V256h63v-54.64c0-62.15 37-96.48 93.67-96.48 27.14 0 55.52 4.84 55.52 4.84v61h-31.28c-30.8 0-40.41 19.12-40.41 38.73V256h68.78l-11 71.69h-57.78V501C413.31 482.38 504 379.78 504 256z\"><\/path><\/svg>\t\t\t\t\t<\/a>\n\t\t\t\t<\/span>\n\t\t\t\t\t\t\t<span class=\"elementor-grid-item\" role=\"listitem\">\n\t\t\t\t\t<a class=\"elementor-icon elementor-social-icon elementor-social-icon-instagram elementor-repeater-item-95814bc\" href=\"https:\/\/www.instagram.com\/fromageriequatrehomme\/?hl=fr\" target=\"_blank\" rel=\"noopener noreferrer nofollow\">\n\t\t\t\t\t\t<span class=\"elementor-screen-only\">Instagram<\/span>\n\t\t\t\t\t\t<svg aria-hidden=\"true\" class=\"e-font-icon-svg e-fab-instagram\" viewbox=\"0 0 448 512\" xmlns=\"http:\/\/www.w3.org\/2000\/svg\"><path d=\"M224.1 141c-63.6 0-114.9 51.3-114.9 114.9s51.3 114.9 114.9 114.9S339 319.5 339 255.9 287.7 141 224.1 141zm0 189.6c-41.1 0-74.7-33.5-74.7-74.7s33.5-74.7 74.7-74.7 74.7 33.5 74.7 74.7-33.6 74.7-74.7 74.7zm146.4-194.3c0 14.9-12 26.8-26.8 26.8-14.9 0-26.8-12-26.8-26.8s12-26.8 26.8-26.8 26.8 12 26.8 26.8zm76.1 27.2c-1.7-35.9-9.9-67.7-36.2-93.9-26.2-26.2-58-34.4-93.9-36.2-37-2.1-147.9-2.1-184.9 0-35.8 1.7-67.6 9.9-93.9 36.1s-34.4 58-36.2 93.9c-2.1 37-2.1 147.9 0 184.9 1.7 35.9 9.9 67.7 36.2 93.9s58 34.4 93.9 36.2c37 2.1 147.9 2.1 184.9 0 35.9-1.7 67.7-9.9 93.9-36.2 26.2-26.2 34.4-58 36.2-93.9 2.1-37 2.1-147.8 0-184.8zM398.8 388c-7.8 19.6-22.9 34.7-42.6 42.6-29.5 11.7-99.5 9-132.1 9s-102.7 2.6-132.1-9c-19.6-7.8-34.7-22.9-42.6-42.6-11.7-29.5-9-99.5-9-132.1s-2.6-102.7 9-132.1c7.8-19.6 22.9-34.7 42.6-42.6 29.5-11.7 99.5-9 132.1-9s102.7-2.6 132.1 9c19.6 7.8 34.7 22.9 42.6 42.6 11.7 29.5 9 99.5 9 132.1s2.7 102.7-9 132.1z\"><\/path><\/svg>\t\t\t\t\t<\/a>\n\t\t\t\t<\/span>\n\t\t\t\t\t<\/div>\n\t\t\t\t\t\t<\/div>\n\t\t\t\t<\/div>\n\t\t\t\t<\/div>\n\t\t\t\t<div class=\"elementor-element elementor-element-3bba38a elementor-widget elementor-widget-spacer\" data-id=\"3bba38a\" data-element_type=\"widget\" data-widget_type=\"spacer.default\">\n\t\t\t\t<div class=\"elementor-widget-container\">\n\t\t\t\t\t\t\t<div class=\"elementor-spacer\">\n\t\t\t<div class=\"elementor-spacer-inner\"><\/div>\n\t\t<\/div>\n\t\t\t\t\t\t<\/div>\n\t\t\t\t<\/div>\n\t\t\t\t\t<\/div>\n\t\t\t\t<\/div>\n\t\t\t\t<\/div>","protected":false},"excerpt":{"rendered":"<p>Professionals We can help you create a made-to-measure cheese selection, designed to enhance your menu, your buffet or your event. For more than three decades, the Fromagerie Quatrehomme has been helping Parisian restaurateurs and event professionals to create made-to-measure cheese offers, designed to enhance your menu, your events and adapt to your [...].<\/p>","protected":false},"author":2,"featured_media":0,"parent":0,"menu_order":0,"comment_status":"closed","ping_status":"closed","template":"","meta":{"footnotes":""},"class_list":["post-4514","page","type-page","status-publish","hentry"],"yoast_head":"<!-- This site is optimized with the Yoast SEO plugin v24.7 - https:\/\/yoast.com\/wordpress\/plugins\/seo\/ -->\n<title>Professionnels - Fromagerie \u00e0 Paris<\/title>\n<meta name=\"robots\" content=\"index, follow, max-snippet:-1, max-image-preview:large, max-video-preview:-1\" \/>\n<link rel=\"canonical\" href=\"https:\/\/quatrehomme.fr\/en\/professionnels\/\" \/>\n<meta property=\"og:locale\" content=\"en_GB\" \/>\n<meta property=\"og:type\" content=\"article\" \/>\n<meta property=\"og:title\" content=\"Professionnels - Fromagerie \u00e0 Paris\" \/>\n<meta property=\"og:description\" content=\"Professionnels Nous vous accompagnons dans la cr\u00e9ation d\u2019une s\u00e9lection de fromages sur-mesure, pens\u00e9e pour sublimer votre carte, votre buffet ou votre \u00e9v\u00e9nement. Depuis plus de trois d\u00e9cennies, la Fromagerie Quatrehomme accompagne les restaurateurs parisiens et les professionnels de l&rsquo;\u00e9v\u00e9nementiel dans la cr\u00e9ation d\u2019offres fromag\u00e8res sur mesure, pens\u00e9es pour sublimer votre carte, vos \u00e9v\u00e9nements et s&rsquo;adapter [&hellip;]\" \/>\n<meta property=\"og:url\" content=\"https:\/\/quatrehomme.fr\/en\/professionnels\/\" \/>\n<meta property=\"og:site_name\" content=\"Fromagerie \u00e0 Paris\" \/>\n<meta property=\"article:modified_time\" content=\"2025-10-02T16:45:36+00:00\" \/>\n<meta name=\"twitter:card\" content=\"summary_large_image\" \/>\n<meta name=\"twitter:label1\" content=\"Estimated reading time\" \/>\n\t<meta name=\"twitter:data1\" content=\"2 minutes\" \/>\n<script type=\"application\/ld+json\" class=\"yoast-schema-graph\">{\"@context\":\"https:\/\/schema.org\",\"@graph\":[{\"@type\":\"WebPage\",\"@id\":\"https:\/\/quatrehomme.fr\/professionnels\/\",\"url\":\"https:\/\/quatrehomme.fr\/professionnels\/\",\"name\":\"Professionnels - Fromagerie \u00e0 Paris\",\"isPartOf\":{\"@id\":\"https:\/\/quatrehomme.fr\/#website\"},\"datePublished\":\"2025-10-02T16:25:56+00:00\",\"dateModified\":\"2025-10-02T16:45:36+00:00\",\"breadcrumb\":{\"@id\":\"https:\/\/quatrehomme.fr\/professionnels\/#breadcrumb\"},\"inLanguage\":\"en-GB\",\"potentialAction\":[{\"@type\":\"ReadAction\",\"target\":[\"https:\/\/quatrehomme.fr\/professionnels\/\"]}]},{\"@type\":\"BreadcrumbList\",\"@id\":\"https:\/\/quatrehomme.fr\/professionnels\/#breadcrumb\",\"itemListElement\":[{\"@type\":\"ListItem\",\"position\":1,\"name\":\"Accueil\",\"item\":\"https:\/\/quatrehomme.fr\/\"},{\"@type\":\"ListItem\",\"position\":2,\"name\":\"Professionnels\"}]},{\"@type\":\"WebSite\",\"@id\":\"https:\/\/quatrehomme.fr\/#website\",\"url\":\"https:\/\/quatrehomme.fr\/\",\"name\":\"Fromagerie \u00e0 Paris\",\"description\":\"\",\"publisher\":{\"@id\":\"https:\/\/quatrehomme.fr\/#organization\"},\"potentialAction\":[{\"@type\":\"SearchAction\",\"target\":{\"@type\":\"EntryPoint\",\"urlTemplate\":\"https:\/\/quatrehomme.fr\/?s={search_term_string}\"},\"query-input\":{\"@type\":\"PropertyValueSpecification\",\"valueRequired\":true,\"valueName\":\"search_term_string\"}}],\"inLanguage\":\"en-GB\"},{\"@type\":\"Organization\",\"@id\":\"https:\/\/quatrehomme.fr\/#organization\",\"name\":\"Fromagerie \u00e0 Paris\",\"url\":\"https:\/\/quatrehomme.fr\/\",\"logo\":{\"@type\":\"ImageObject\",\"inLanguage\":\"en-GB\",\"@id\":\"https:\/\/quatrehomme.fr\/#\/schema\/logo\/image\/\",\"url\":\"https:\/\/quatrehomme.fr\/wp-content\/uploads\/2025\/01\/logo_light-1.png\",\"contentUrl\":\"https:\/\/quatrehomme.fr\/wp-content\/uploads\/2025\/01\/logo_light-1.png\",\"width\":928,\"height\":656,\"caption\":\"Fromagerie \u00e0 Paris\"},\"image\":{\"@id\":\"https:\/\/quatrehomme.fr\/#\/schema\/logo\/image\/\"}}]}<\/script>\n<!-- \/ Yoast SEO plugin. -->","yoast_head_json":{"title":"Professionals - Cheese dairy in Paris","robots":{"index":"index","follow":"follow","max-snippet":"max-snippet:-1","max-image-preview":"max-image-preview:large","max-video-preview":"max-video-preview:-1"},"canonical":"https:\/\/quatrehomme.fr\/en\/professionnels\/","og_locale":"en_GB","og_type":"article","og_title":"Professionnels - Fromagerie \u00e0 Paris","og_description":"Professionnels Nous vous accompagnons dans la cr\u00e9ation d\u2019une s\u00e9lection de fromages sur-mesure, pens\u00e9e pour sublimer votre carte, votre buffet ou votre \u00e9v\u00e9nement. Depuis plus de trois d\u00e9cennies, la Fromagerie Quatrehomme accompagne les restaurateurs parisiens et les professionnels de l&rsquo;\u00e9v\u00e9nementiel dans la cr\u00e9ation d\u2019offres fromag\u00e8res sur mesure, pens\u00e9es pour sublimer votre carte, vos \u00e9v\u00e9nements et s&rsquo;adapter [&hellip;]","og_url":"https:\/\/quatrehomme.fr\/en\/professionnels\/","og_site_name":"Fromagerie \u00e0 Paris","article_modified_time":"2025-10-02T16:45:36+00:00","twitter_card":"summary_large_image","twitter_misc":{"Estimated reading time":"2 minutes"},"schema":{"@context":"https:\/\/schema.org","@graph":[{"@type":"WebPage","@id":"https:\/\/quatrehomme.fr\/professionnels\/","url":"https:\/\/quatrehomme.fr\/professionnels\/","name":"Professionals - Cheese dairy in Paris","isPartOf":{"@id":"https:\/\/quatrehomme.fr\/#website"},"datePublished":"2025-10-02T16:25:56+00:00","dateModified":"2025-10-02T16:45:36+00:00","breadcrumb":{"@id":"https:\/\/quatrehomme.fr\/professionnels\/#breadcrumb"},"inLanguage":"en-GB","potentialAction":[{"@type":"ReadAction","target":["https:\/\/quatrehomme.fr\/professionnels\/"]}]},{"@type":"BreadcrumbList","@id":"https:\/\/quatrehomme.fr\/professionnels\/#breadcrumb","itemListElement":[{"@type":"ListItem","position":1,"name":"Accueil","item":"https:\/\/quatrehomme.fr\/"},{"@type":"ListItem","position":2,"name":"Professionnels"}]},{"@type":"WebSite","@id":"https:\/\/quatrehomme.fr\/#website","url":"https:\/\/quatrehomme.fr\/","name":"Cheese dairy in Paris","description":"","publisher":{"@id":"https:\/\/quatrehomme.fr\/#organization"},"potentialAction":[{"@type":"SearchAction","target":{"@type":"EntryPoint","urlTemplate":"https:\/\/quatrehomme.fr\/?s={search_term_string}"},"query-input":{"@type":"PropertyValueSpecification","valueRequired":true,"valueName":"search_term_string"}}],"inLanguage":"en-GB"},{"@type":"Organization","@id":"https:\/\/quatrehomme.fr\/#organization","name":"Cheese dairy in Paris","url":"https:\/\/quatrehomme.fr\/","logo":{"@type":"ImageObject","inLanguage":"en-GB","@id":"https:\/\/quatrehomme.fr\/#\/schema\/logo\/image\/","url":"https:\/\/quatrehomme.fr\/wp-content\/uploads\/2025\/01\/logo_light-1.png","contentUrl":"https:\/\/quatrehomme.fr\/wp-content\/uploads\/2025\/01\/logo_light-1.png","width":928,"height":656,"caption":"Fromagerie \u00e0 Paris"},"image":{"@id":"https:\/\/quatrehomme.fr\/#\/schema\/logo\/image\/"}}]}},"_links":{"self":[{"href":"https:\/\/quatrehomme.fr\/en\/wp-json\/wp\/v2\/pages\/4514","targetHints":{"allow":["GET"]}}],"collection":[{"href":"https:\/\/quatrehomme.fr\/en\/wp-json\/wp\/v2\/pages"}],"about":[{"href":"https:\/\/quatrehomme.fr\/en\/wp-json\/wp\/v2\/types\/page"}],"author":[{"embeddable":true,"href":"https:\/\/quatrehomme.fr\/en\/wp-json\/wp\/v2\/users\/2"}],"replies":[{"embeddable":true,"href":"https:\/\/quatrehomme.fr\/en\/wp-json\/wp\/v2\/comments?post=4514"}],"version-history":[{"count":22,"href":"https:\/\/quatrehomme.fr\/en\/wp-json\/wp\/v2\/pages\/4514\/revisions"}],"predecessor-version":[{"id":4589,"href":"https:\/\/quatrehomme.fr\/en\/wp-json\/wp\/v2\/pages\/4514\/revisions\/4589"}],"wp:attachment":[{"href":"https:\/\/quatrehomme.fr\/en\/wp-json\/wp\/v2\/media?parent=4514"}],"curies":[{"name":"wp","href":"https:\/\/api.w.org\/{rel}","templated":true}]}}