{"id":4484,"date":"2025-10-02T18:42:38","date_gmt":"2025-10-02T16:42:38","guid":{"rendered":"https:\/\/quatrehomme.fr\/?page_id=4484"},"modified":"2025-10-02T18:43:44","modified_gmt":"2025-10-02T16:43:44","slug":"plateaux-de-fromages-et-charcuterie","status":"publish","type":"page","link":"https:\/\/quatrehomme.fr\/en\/plateaux-de-fromages-et-charcuterie\/","title":{"rendered":"Cheese and charcuterie platters"},"content":{"rendered":"<div data-elementor-type=\"wp-page\" data-elementor-id=\"4484\" class=\"elementor elementor-4484\" data-elementor-post-type=\"page\">\n\t\t\t\t<div class=\"elementor-element elementor-element-d94f5d2 e-con-full e-flex e-con e-parent\" data-id=\"d94f5d2\" data-element_type=\"container\" data-settings=\"{&quot;background_background&quot;:&quot;classic&quot;}\">\n\t\t\t\t<div class=\"elementor-element elementor-element-f7350a4 animated-slow elementor-invisible elementor-widget elementor-widget-heading\" data-id=\"f7350a4\" data-element_type=\"widget\" data-settings=\"{&quot;_animation&quot;:&quot;fadeInUp&quot;,&quot;_animation_delay&quot;:200}\" data-widget_type=\"heading.default\">\n\t\t\t\t<div class=\"elementor-widget-container\">\n\t\t\t\t\t<h2 class=\"elementor-heading-title elementor-size-default\">Cheese and charcuterie platters<\/h2>\t\t\t\t<\/div>\n\t\t\t\t<\/div>\n\t\t\t\t<div class=\"elementor-element elementor-element-5be5457 animated-slow elementor-invisible elementor-widget elementor-widget-text-editor\" data-id=\"5be5457\" data-element_type=\"widget\" data-settings=\"{&quot;_animation&quot;:&quot;fadeInUp&quot;,&quot;_animation_delay&quot;:400}\" data-widget_type=\"text-editor.default\">\n\t\t\t\t<div class=\"elementor-widget-container\">\n\t\t\t\t\t\t\t\t\t<p>From carefully matured cheeses to local charcuterie, our platters can be adapted to suit all tastes: for an aperitif, a meal or a moment of sharing, authenticity and deliciousness are always on the menu!<\/p>\t\t\t\t\t\t\t\t<\/div>\n\t\t\t\t<\/div>\n\t\t\t\t<div class=\"elementor-element elementor-element-defec20 elementor-widget__width-inherit elementor-align-center elementor-widget elementor-widget-lottie\" data-id=\"defec20\" data-element_type=\"widget\" data-settings=\"{&quot;source_json&quot;:{&quot;url&quot;:&quot;https:\\\/\\\/quatrehomme.fr\\\/wp-content\\\/uploads\\\/2025\\\/01\\\/Animation-1737164285450.json&quot;,&quot;id&quot;:3589,&quot;size&quot;:&quot;&quot;,&quot;alt&quot;:&quot;&quot;,&quot;source&quot;:&quot;library&quot;},&quot;loop&quot;:&quot;yes&quot;,&quot;play_speed&quot;:{&quot;unit&quot;:&quot;px&quot;,&quot;size&quot;:2,&quot;sizes&quot;:[]},&quot;source&quot;:&quot;media_file&quot;,&quot;caption_source&quot;:&quot;none&quot;,&quot;link_to&quot;:&quot;none&quot;,&quot;trigger&quot;:&quot;arriving_to_viewport&quot;,&quot;viewport&quot;:{&quot;unit&quot;:&quot;%&quot;,&quot;size&quot;:&quot;&quot;,&quot;sizes&quot;:{&quot;start&quot;:0,&quot;end&quot;:100}},&quot;start_point&quot;:{&quot;unit&quot;:&quot;%&quot;,&quot;size&quot;:0,&quot;sizes&quot;:[]},&quot;end_point&quot;:{&quot;unit&quot;:&quot;%&quot;,&quot;size&quot;:100,&quot;sizes&quot;:[]},&quot;renderer&quot;:&quot;svg&quot;}\" data-widget_type=\"lottie.default\">\n\t\t\t\t<div class=\"elementor-widget-container\">\n\t\t\t\t\t<div class=\"e-lottie__container\"><div class=\"e-lottie__animation\"><\/div><\/div>\t\t\t\t<\/div>\n\t\t\t\t<\/div>\n\t\t\t\t<\/div>\n\t\t<div class=\"elementor-element elementor-element-a9661e2 e-grid e-con-boxed e-con e-parent\" data-id=\"a9661e2\" data-element_type=\"container\">\n\t\t\t\t\t<div class=\"e-con-inner\">\n\t\t<div class=\"elementor-element elementor-element-7dbc7ba e-con-full e-flex e-con e-child\" data-id=\"7dbc7ba\" data-element_type=\"container\">\n\t\t\t\t<div class=\"elementor-element elementor-element-4bb3723 elementor-widget elementor-widget-spacer\" data-id=\"4bb3723\" data-element_type=\"widget\" data-widget_type=\"spacer.default\">\n\t\t\t\t<div class=\"elementor-widget-container\">\n\t\t\t\t\t\t\t<div class=\"elementor-spacer\">\n\t\t\t<div class=\"elementor-spacer-inner\"><\/div>\n\t\t<\/div>\n\t\t\t\t\t\t<\/div>\n\t\t\t\t<\/div>\n\t\t\t\t<div class=\"elementor-element elementor-element-3890a8f animated-slow elementor-widget elementor-widget-text-editor\" data-id=\"3890a8f\" data-element_type=\"widget\" data-settings=\"{&quot;_animation&quot;:&quot;none&quot;,&quot;_animation_delay&quot;:400}\" data-widget_type=\"text-editor.default\">\n\t\t\t\t<div class=\"elementor-widget-container\">\n\t\t\t\t\t\t\t\t\t<p data-start=\"168\" data-end=\"400\"><strong data-start=\"168\" data-end=\"400\">Whether it's for lunch with colleagues or friends, a convivial afterwork or a family celebration, think of our cheese and\/or charcuterie platters: a tasty, elegant and ready-to-eat solution.<\/strong><\/p><p data-start=\"402\" data-end=\"793\">Tasting platters for a refined moment or cocktail platters for a more relaxed atmosphere, our compositions can be adapted to suit all occasions and all your needs. Each platter is carefully prepared with the best of our mature cheeses and artisan charcuterie, in a generous, graphic presentation that's sure to delight both the eye and the palate.<\/p>\t\t\t\t\t\t\t\t<\/div>\n\t\t\t\t<\/div>\n\t\t\t\t<div class=\"elementor-element elementor-element-b75a476 elementor-widget elementor-widget-gallery\" data-id=\"b75a476\" data-element_type=\"widget\" data-settings=\"{&quot;gallery_layout&quot;:&quot;justified&quot;,&quot;lazyload&quot;:&quot;yes&quot;,&quot;ideal_row_height&quot;:{&quot;unit&quot;:&quot;px&quot;,&quot;size&quot;:200,&quot;sizes&quot;:[]},&quot;ideal_row_height_tablet&quot;:{&quot;unit&quot;:&quot;px&quot;,&quot;size&quot;:150,&quot;sizes&quot;:[]},&quot;ideal_row_height_mobile&quot;:{&quot;unit&quot;:&quot;px&quot;,&quot;size&quot;:150,&quot;sizes&quot;:[]},&quot;gap&quot;:{&quot;unit&quot;:&quot;px&quot;,&quot;size&quot;:10,&quot;sizes&quot;:[]},&quot;gap_tablet&quot;:{&quot;unit&quot;:&quot;px&quot;,&quot;size&quot;:10,&quot;sizes&quot;:[]},&quot;gap_mobile&quot;:{&quot;unit&quot;:&quot;px&quot;,&quot;size&quot;:10,&quot;sizes&quot;:[]},&quot;overlay_background&quot;:&quot;yes&quot;,&quot;content_hover_animation&quot;:&quot;fade-in&quot;}\" data-widget_type=\"gallery.default\">\n\t\t\t\t<div class=\"elementor-widget-container\">\n\t\t\t\t\t\t\t<div class=\"elementor-gallery__container\">\n\t\t\t\t\t\t\t<div class=\"e-gallery-item elementor-gallery-item elementor-animated-content\">\n\t\t\t\t\t<div class=\"e-gallery-image elementor-gallery-item__image\" data-thumbnail=\"https:\/\/quatrehomme.fr\/wp-content\/uploads\/2025\/08\/Quatrehomme-Plateaux@AliceCasenave-8-200x300.jpg\" data-width=\"200\" data-height=\"300\" aria-label=\"\" role=\"img\" ><\/div>\n\t\t\t\t\t\t\t\t\t\t\t<div class=\"elementor-gallery-item__overlay\"><\/div>\n\t\t\t\t\t\t\t\t\t\t\t\t\t\t<\/div>\n\t\t\t\t\t\t\t<div class=\"e-gallery-item elementor-gallery-item elementor-animated-content\">\n\t\t\t\t\t<div class=\"e-gallery-image elementor-gallery-item__image\" data-thumbnail=\"https:\/\/quatrehomme.fr\/wp-content\/uploads\/2025\/08\/QuatrehommePlateaux@AliceCasenave-5-200x300.jpg\" data-width=\"200\" data-height=\"300\" aria-label=\"\" role=\"img\" ><\/div>\n\t\t\t\t\t\t\t\t\t\t\t<div class=\"elementor-gallery-item__overlay\"><\/div>\n\t\t\t\t\t\t\t\t\t\t\t\t\t\t<\/div>\n\t\t\t\t\t\t\t<div class=\"e-gallery-item elementor-gallery-item elementor-animated-content\">\n\t\t\t\t\t<div class=\"e-gallery-image elementor-gallery-item__image\" data-thumbnail=\"https:\/\/quatrehomme.fr\/wp-content\/uploads\/2025\/08\/Quatrehomme-Plateaux@AliceCasenave-3-200x300.jpg\" data-width=\"200\" data-height=\"300\" aria-label=\"\" role=\"img\" ><\/div>\n\t\t\t\t\t\t\t\t\t\t\t<div class=\"elementor-gallery-item__overlay\"><\/div>\n\t\t\t\t\t\t\t\t\t\t\t\t\t\t<\/div>\n\t\t\t\t\t\t\t<div class=\"e-gallery-item elementor-gallery-item elementor-animated-content\">\n\t\t\t\t\t<div class=\"e-gallery-image elementor-gallery-item__image\" data-thumbnail=\"https:\/\/quatrehomme.fr\/wp-content\/uploads\/2025\/08\/QuatrehommePlateaux@AliceCasenave-29-200x300.jpg\" data-width=\"200\" data-height=\"300\" aria-label=\"\" role=\"img\" ><\/div>\n\t\t\t\t\t\t\t\t\t\t\t<div class=\"elementor-gallery-item__overlay\"><\/div>\n\t\t\t\t\t\t\t\t\t\t\t\t\t\t<\/div>\n\t\t\t\t\t\t\t<div class=\"e-gallery-item elementor-gallery-item elementor-animated-content\">\n\t\t\t\t\t<div class=\"e-gallery-image elementor-gallery-item__image\" data-thumbnail=\"https:\/\/quatrehomme.fr\/wp-content\/uploads\/2025\/08\/QuatrehommePlateaux@AliceCasenave-2-300x200.jpg\" data-width=\"300\" data-height=\"200\" aria-label=\"\" role=\"img\" ><\/div>\n\t\t\t\t\t\t\t\t\t\t\t<div class=\"elementor-gallery-item__overlay\"><\/div>\n\t\t\t\t\t\t\t\t\t\t\t\t\t\t<\/div>\n\t\t\t\t\t\t\t<div class=\"e-gallery-item elementor-gallery-item elementor-animated-content\">\n\t\t\t\t\t<div class=\"e-gallery-image elementor-gallery-item__image\" data-thumbnail=\"https:\/\/quatrehomme.fr\/wp-content\/uploads\/2025\/08\/QuatrehommePlateaux@AliceCasenave-17-300x200.jpg\" data-width=\"300\" data-height=\"200\" aria-label=\"\" role=\"img\" ><\/div>\n\t\t\t\t\t\t\t\t\t\t\t<div class=\"elementor-gallery-item__overlay\"><\/div>\n\t\t\t\t\t\t\t\t\t\t\t\t\t\t<\/div>\n\t\t\t\t\t\t\t<div class=\"e-gallery-item elementor-gallery-item elementor-animated-content\">\n\t\t\t\t\t<div class=\"e-gallery-image elementor-gallery-item__image\" data-thumbnail=\"https:\/\/quatrehomme.fr\/wp-content\/uploads\/2025\/08\/QuatrehommePlateaux@AliceCasenave-26-1-300x200.jpg\" data-width=\"300\" data-height=\"200\" aria-label=\"\" role=\"img\" ><\/div>\n\t\t\t\t\t\t\t\t\t\t\t<div class=\"elementor-gallery-item__overlay\"><\/div>\n\t\t\t\t\t\t\t\t\t\t\t\t\t\t<\/div>\n\t\t\t\t\t<\/div>\n\t\t\t\t\t<\/div>\n\t\t\t\t<\/div>\n\t\t\t\t<div class=\"elementor-element elementor-element-6d4fb63 elementor-widget elementor-widget-spacer\" data-id=\"6d4fb63\" data-element_type=\"widget\" data-widget_type=\"spacer.default\">\n\t\t\t\t<div class=\"elementor-widget-container\">\n\t\t\t\t\t\t\t<div class=\"elementor-spacer\">\n\t\t\t<div class=\"elementor-spacer-inner\"><\/div>\n\t\t<\/div>\n\t\t\t\t\t\t<\/div>\n\t\t\t\t<\/div>\n\t\t\t\t<div class=\"elementor-element elementor-element-3fc888a animated-slow elementor-widget elementor-widget-text-editor\" data-id=\"3fc888a\" data-element_type=\"widget\" data-settings=\"{&quot;_animation&quot;:&quot;none&quot;,&quot;_animation_delay&quot;:400}\" data-widget_type=\"text-editor.default\">\n\t\t\t\t<div class=\"elementor-widget-container\">\n\t\t\t\t\t\t\t\t\t<p data-start=\"87\" data-end=\"117\"><strong data-start=\"91\" data-end=\"115\">Tasting trays<\/strong><\/p><p data-start=\"118\" data-end=\"416\">A personalised selection of mature cheeses, elegantly presented and carefully decorated. T\u00eate de Moine flowers, cheesy fruit jellies... We'll help you create a balanced, tasty platter that's sure to please everyone. Matured to the highest quality and expertly cut, it's a real pleasure to share.<\/p><p data-start=\"118\" data-end=\"416\">\u00a0<\/p><p data-start=\"418\" data-end=\"445\"><strong data-start=\"422\" data-end=\"443\">Cocktail trays<\/strong><\/p><p data-start=\"446\" data-end=\"707\">Ideal for your aperitifs, buffets or stand-up events. Pre-cut cheeses, wooden picks: everything is ready for tasting without a plate or cutlery.<\/p><p data-start=\"446\" data-end=\"707\">A practical, elegant and delicious formula, suitable for both professional and personal occasions.<\/p><p data-start=\"446\" data-end=\"707\">\u00a0<\/p><p data-start=\"709\" data-end=\"736\"><strong data-start=\"713\" data-end=\"734\">Delivery in Paris<\/strong><\/p><p data-start=\"737\" data-end=\"859\">Carbon-free delivery throughout Paris with our cargo bike partner. Convenient, ecological and neat!<\/p>\t\t\t\t\t\t\t\t<\/div>\n\t\t\t\t<\/div>\n\t\t\t\t<div class=\"elementor-element elementor-element-a9bc01d animated-slow elementor-widget-divider--view-line elementor-invisible elementor-widget elementor-widget-divider\" data-id=\"a9bc01d\" data-element_type=\"widget\" data-settings=\"{&quot;_animation&quot;:&quot;fadeInUp&quot;,&quot;_animation_delay&quot;:400}\" data-widget_type=\"divider.default\">\n\t\t\t\t<div class=\"elementor-widget-container\">\n\t\t\t\t\t\t\t<div class=\"elementor-divider\">\n\t\t\t<span class=\"elementor-divider-separator\">\n\t\t\t\t\t\t<\/span>\n\t\t<\/div>\n\t\t\t\t\t\t<\/div>\n\t\t\t\t<\/div>\n\t\t\t\t<div class=\"elementor-element elementor-element-e1b8701 animated-slow elementor-widget elementor-widget-text-editor\" data-id=\"e1b8701\" data-element_type=\"widget\" data-settings=\"{&quot;_animation&quot;:&quot;none&quot;,&quot;_animation_delay&quot;:400}\" data-widget_type=\"text-editor.default\">\n\t\t\t\t<div class=\"elementor-widget-container\">\n\t\t\t\t\t\t\t\t\t<p data-start=\"795\" data-end=\"1116\">\u00a0<\/p><p data-start=\"1118\" data-end=\"1405\"><strong data-start=\"1118\" data-end=\"1148\">Fancy a full meal?<\/strong> We can also complement your platters with a selection of fresh salads, generous quiches and gourmet desserts, all homemade with respect for flavour and seasonality.\u00a0<\/p><p data-start=\"1407\" data-end=\"1710\">If you would like to place an order or require further information, please do not hesitate to contact us directly on <strong data-start=\"1605\" data-end=\"1623\">01.47.34.33.45<\/strong> (Fromagerie Quatrehomme S\u00e8vres): our team will be delighted to help you.<\/p><p data-start=\"1712\" data-end=\"2050\">Flexible, responsive and attentive, <strong data-start=\"1746\" data-end=\"1789\">the Fromageries Quatrehomme teams<\/strong> will work with you to create a moment that suits you, whether you are an individual or a professional. With our <strong data-start=\"1909\" data-end=\"1939\">five Parisian boutiques<\/strong>For a fast, personalised service, contact your nearest cheese dairy.<\/p>\t\t\t\t\t\t\t\t<\/div>\n\t\t\t\t<\/div>\n\t\t\t\t<div class=\"elementor-element elementor-element-7453cd2 elementor-widget elementor-widget-spacer\" data-id=\"7453cd2\" data-element_type=\"widget\" data-widget_type=\"spacer.default\">\n\t\t\t\t<div class=\"elementor-widget-container\">\n\t\t\t\t\t\t\t<div class=\"elementor-spacer\">\n\t\t\t<div class=\"elementor-spacer-inner\"><\/div>\n\t\t<\/div>\n\t\t\t\t\t\t<\/div>\n\t\t\t\t<\/div>\n\t\t\t\t<div class=\"elementor-element elementor-element-2c1a652 elementor-widget elementor-widget-spacer\" data-id=\"2c1a652\" data-element_type=\"widget\" data-widget_type=\"spacer.default\">\n\t\t\t\t<div class=\"elementor-widget-container\">\n\t\t\t\t\t\t\t<div class=\"elementor-spacer\">\n\t\t\t<div class=\"elementor-spacer-inner\"><\/div>\n\t\t<\/div>\n\t\t\t\t\t\t<\/div>\n\t\t\t\t<\/div>\n\t\t\t\t<div class=\"elementor-element elementor-element-be3e511 elementor-widget elementor-widget-heading\" data-id=\"be3e511\" data-element_type=\"widget\" data-widget_type=\"heading.default\">\n\t\t\t\t<div class=\"elementor-widget-container\">\n\t\t\t\t\t<h2 class=\"elementor-heading-title elementor-size-default\"> Don't hesitate to follow us on the networks where we regularly share photos of our sets!<\/h2>\t\t\t\t<\/div>\n\t\t\t\t<\/div>\n\t\t\t\t<div class=\"elementor-element elementor-element-116c629 elementor-shape-rounded elementor-grid-0 e-grid-align-center elementor-widget elementor-widget-social-icons\" data-id=\"116c629\" data-element_type=\"widget\" data-widget_type=\"social-icons.default\">\n\t\t\t\t<div class=\"elementor-widget-container\">\n\t\t\t\t\t\t\t<div class=\"elementor-social-icons-wrapper elementor-grid\" role=\"list\">\n\t\t\t\t\t\t\t<span class=\"elementor-grid-item\" role=\"listitem\">\n\t\t\t\t\t<a class=\"elementor-icon elementor-social-icon elementor-social-icon-facebook elementor-repeater-item-60d0b28\" href=\"https:\/\/www.facebook.com\/fromagequatrehomme\" target=\"_blank\" rel=\"noopener noreferrer nofollow\">\n\t\t\t\t\t\t<span class=\"elementor-screen-only\">Facebook<\/span>\n\t\t\t\t\t\t<svg aria-hidden=\"true\" class=\"e-font-icon-svg e-fab-facebook\" viewbox=\"0 0 512 512\" xmlns=\"http:\/\/www.w3.org\/2000\/svg\"><path d=\"M504 256C504 119 393 8 256 8S8 119 8 256c0 123.78 90.69 226.38 209.25 245V327.69h-63V256h63v-54.64c0-62.15 37-96.48 93.67-96.48 27.14 0 55.52 4.84 55.52 4.84v61h-31.28c-30.8 0-40.41 19.12-40.41 38.73V256h68.78l-11 71.69h-57.78V501C413.31 482.38 504 379.78 504 256z\"><\/path><\/svg>\t\t\t\t\t<\/a>\n\t\t\t\t<\/span>\n\t\t\t\t\t\t\t<span class=\"elementor-grid-item\" role=\"listitem\">\n\t\t\t\t\t<a class=\"elementor-icon elementor-social-icon elementor-social-icon-instagram elementor-repeater-item-95814bc\" href=\"https:\/\/www.instagram.com\/fromageriequatrehomme\/?hl=fr\" target=\"_blank\" rel=\"noopener noreferrer nofollow\">\n\t\t\t\t\t\t<span class=\"elementor-screen-only\">Instagram<\/span>\n\t\t\t\t\t\t<svg aria-hidden=\"true\" class=\"e-font-icon-svg e-fab-instagram\" viewbox=\"0 0 448 512\" xmlns=\"http:\/\/www.w3.org\/2000\/svg\"><path d=\"M224.1 141c-63.6 0-114.9 51.3-114.9 114.9s51.3 114.9 114.9 114.9S339 319.5 339 255.9 287.7 141 224.1 141zm0 189.6c-41.1 0-74.7-33.5-74.7-74.7s33.5-74.7 74.7-74.7 74.7 33.5 74.7 74.7-33.6 74.7-74.7 74.7zm146.4-194.3c0 14.9-12 26.8-26.8 26.8-14.9 0-26.8-12-26.8-26.8s12-26.8 26.8-26.8 26.8 12 26.8 26.8zm76.1 27.2c-1.7-35.9-9.9-67.7-36.2-93.9-26.2-26.2-58-34.4-93.9-36.2-37-2.1-147.9-2.1-184.9 0-35.8 1.7-67.6 9.9-93.9 36.1s-34.4 58-36.2 93.9c-2.1 37-2.1 147.9 0 184.9 1.7 35.9 9.9 67.7 36.2 93.9s58 34.4 93.9 36.2c37 2.1 147.9 2.1 184.9 0 35.9-1.7 67.7-9.9 93.9-36.2 26.2-26.2 34.4-58 36.2-93.9 2.1-37 2.1-147.8 0-184.8zM398.8 388c-7.8 19.6-22.9 34.7-42.6 42.6-29.5 11.7-99.5 9-132.1 9s-102.7 2.6-132.1-9c-19.6-7.8-34.7-22.9-42.6-42.6-11.7-29.5-9-99.5-9-132.1s-2.6-102.7 9-132.1c7.8-19.6 22.9-34.7 42.6-42.6 29.5-11.7 99.5-9 132.1-9s102.7-2.6 132.1 9c19.6 7.8 34.7 22.9 42.6 42.6 11.7 29.5 9 99.5 9 132.1s2.7 102.7-9 132.1z\"><\/path><\/svg>\t\t\t\t\t<\/a>\n\t\t\t\t<\/span>\n\t\t\t\t\t<\/div>\n\t\t\t\t\t\t<\/div>\n\t\t\t\t<\/div>\n\t\t\t\t<\/div>\n\t\t\t\t<div class=\"elementor-element elementor-element-3bba38a elementor-widget elementor-widget-spacer\" data-id=\"3bba38a\" data-element_type=\"widget\" data-widget_type=\"spacer.default\">\n\t\t\t\t<div class=\"elementor-widget-container\">\n\t\t\t\t\t\t\t<div class=\"elementor-spacer\">\n\t\t\t<div class=\"elementor-spacer-inner\"><\/div>\n\t\t<\/div>\n\t\t\t\t\t\t<\/div>\n\t\t\t\t<\/div>\n\t\t\t\t\t<\/div>\n\t\t\t\t<\/div>\n\t\t\t\t<\/div>","protected":false},"excerpt":{"rendered":"<p>Cheese and charcuterie platters With carefully matured cheeses and local charcuterie, our platters can be adapted to your every whim: for an aperitif, a meal or a moment of sharing, authenticity and indulgence are always on the menu! Whether it's for lunch with colleagues or friends, a convivial afterwork or a [...]<\/p>","protected":false},"author":2,"featured_media":0,"parent":0,"menu_order":0,"comment_status":"closed","ping_status":"closed","template":"","meta":{"footnotes":""},"class_list":["post-4484","page","type-page","status-publish","hentry"],"yoast_head":"<!-- This site is optimized with the Yoast SEO plugin v24.7 - https:\/\/yoast.com\/wordpress\/plugins\/seo\/ -->\n<title>Plateaux de fromages et charcuterie - Fromagerie \u00e0 Paris<\/title>\n<meta name=\"robots\" content=\"index, follow, max-snippet:-1, max-image-preview:large, max-video-preview:-1\" \/>\n<link rel=\"canonical\" href=\"https:\/\/quatrehomme.fr\/en\/plateaux-de-fromages-et-charcuterie\/\" \/>\n<meta property=\"og:locale\" content=\"en_GB\" \/>\n<meta property=\"og:type\" content=\"article\" \/>\n<meta property=\"og:title\" content=\"Plateaux de fromages et charcuterie - Fromagerie \u00e0 Paris\" \/>\n<meta property=\"og:description\" content=\"Plateaux de fromages et de charcuterie Entre fromages soigneusement affin\u00e9s et charcuteries de terroir, nos plateaux s\u2019adaptent \u00e0 toutes vos envies : pour un ap\u00e9ritif, un repas ou un moment de partage, l\u2019authenticit\u00e9 et la gourmandise sont toujours au rendez-vous ! Que ce soit pour un d\u00e9jeuner entre coll\u00e8gues ou amis, un afterwork convivial ou [&hellip;]\" \/>\n<meta property=\"og:url\" content=\"https:\/\/quatrehomme.fr\/en\/plateaux-de-fromages-et-charcuterie\/\" \/>\n<meta property=\"og:site_name\" content=\"Fromagerie \u00e0 Paris\" \/>\n<meta property=\"article:modified_time\" content=\"2025-10-02T16:43:44+00:00\" \/>\n<meta name=\"twitter:card\" content=\"summary_large_image\" \/>\n<meta name=\"twitter:label1\" content=\"Estimated reading time\" \/>\n\t<meta name=\"twitter:data1\" content=\"2 minutes\" \/>\n<script type=\"application\/ld+json\" class=\"yoast-schema-graph\">{\"@context\":\"https:\/\/schema.org\",\"@graph\":[{\"@type\":\"WebPage\",\"@id\":\"https:\/\/quatrehomme.fr\/plateaux-de-fromages-et-charcuterie\/\",\"url\":\"https:\/\/quatrehomme.fr\/plateaux-de-fromages-et-charcuterie\/\",\"name\":\"Plateaux de fromages et charcuterie - Fromagerie \u00e0 Paris\",\"isPartOf\":{\"@id\":\"https:\/\/quatrehomme.fr\/#website\"},\"datePublished\":\"2025-10-02T16:42:38+00:00\",\"dateModified\":\"2025-10-02T16:43:44+00:00\",\"breadcrumb\":{\"@id\":\"https:\/\/quatrehomme.fr\/plateaux-de-fromages-et-charcuterie\/#breadcrumb\"},\"inLanguage\":\"en-GB\",\"potentialAction\":[{\"@type\":\"ReadAction\",\"target\":[\"https:\/\/quatrehomme.fr\/plateaux-de-fromages-et-charcuterie\/\"]}]},{\"@type\":\"BreadcrumbList\",\"@id\":\"https:\/\/quatrehomme.fr\/plateaux-de-fromages-et-charcuterie\/#breadcrumb\",\"itemListElement\":[{\"@type\":\"ListItem\",\"position\":1,\"name\":\"Accueil\",\"item\":\"https:\/\/quatrehomme.fr\/\"},{\"@type\":\"ListItem\",\"position\":2,\"name\":\"Plateaux de fromages et charcuterie\"}]},{\"@type\":\"WebSite\",\"@id\":\"https:\/\/quatrehomme.fr\/#website\",\"url\":\"https:\/\/quatrehomme.fr\/\",\"name\":\"Fromagerie \u00e0 Paris\",\"description\":\"\",\"publisher\":{\"@id\":\"https:\/\/quatrehomme.fr\/#organization\"},\"potentialAction\":[{\"@type\":\"SearchAction\",\"target\":{\"@type\":\"EntryPoint\",\"urlTemplate\":\"https:\/\/quatrehomme.fr\/?s={search_term_string}\"},\"query-input\":{\"@type\":\"PropertyValueSpecification\",\"valueRequired\":true,\"valueName\":\"search_term_string\"}}],\"inLanguage\":\"en-GB\"},{\"@type\":\"Organization\",\"@id\":\"https:\/\/quatrehomme.fr\/#organization\",\"name\":\"Fromagerie \u00e0 Paris\",\"url\":\"https:\/\/quatrehomme.fr\/\",\"logo\":{\"@type\":\"ImageObject\",\"inLanguage\":\"en-GB\",\"@id\":\"https:\/\/quatrehomme.fr\/#\/schema\/logo\/image\/\",\"url\":\"https:\/\/quatrehomme.fr\/wp-content\/uploads\/2025\/01\/logo_light-1.png\",\"contentUrl\":\"https:\/\/quatrehomme.fr\/wp-content\/uploads\/2025\/01\/logo_light-1.png\",\"width\":928,\"height\":656,\"caption\":\"Fromagerie \u00e0 Paris\"},\"image\":{\"@id\":\"https:\/\/quatrehomme.fr\/#\/schema\/logo\/image\/\"}}]}<\/script>\n<!-- \/ Yoast SEO plugin. -->","yoast_head_json":{"title":"Cheese and charcuterie platters - Fromagerie \u00e0 Paris","robots":{"index":"index","follow":"follow","max-snippet":"max-snippet:-1","max-image-preview":"max-image-preview:large","max-video-preview":"max-video-preview:-1"},"canonical":"https:\/\/quatrehomme.fr\/en\/plateaux-de-fromages-et-charcuterie\/","og_locale":"en_GB","og_type":"article","og_title":"Plateaux de fromages et charcuterie - Fromagerie \u00e0 Paris","og_description":"Plateaux de fromages et de charcuterie Entre fromages soigneusement affin\u00e9s et charcuteries de terroir, nos plateaux s\u2019adaptent \u00e0 toutes vos envies : pour un ap\u00e9ritif, un repas ou un moment de partage, l\u2019authenticit\u00e9 et la gourmandise sont toujours au rendez-vous ! Que ce soit pour un d\u00e9jeuner entre coll\u00e8gues ou amis, un afterwork convivial ou [&hellip;]","og_url":"https:\/\/quatrehomme.fr\/en\/plateaux-de-fromages-et-charcuterie\/","og_site_name":"Fromagerie \u00e0 Paris","article_modified_time":"2025-10-02T16:43:44+00:00","twitter_card":"summary_large_image","twitter_misc":{"Estimated reading time":"2 minutes"},"schema":{"@context":"https:\/\/schema.org","@graph":[{"@type":"WebPage","@id":"https:\/\/quatrehomme.fr\/plateaux-de-fromages-et-charcuterie\/","url":"https:\/\/quatrehomme.fr\/plateaux-de-fromages-et-charcuterie\/","name":"Cheese and charcuterie platters - Fromagerie \u00e0 Paris","isPartOf":{"@id":"https:\/\/quatrehomme.fr\/#website"},"datePublished":"2025-10-02T16:42:38+00:00","dateModified":"2025-10-02T16:43:44+00:00","breadcrumb":{"@id":"https:\/\/quatrehomme.fr\/plateaux-de-fromages-et-charcuterie\/#breadcrumb"},"inLanguage":"en-GB","potentialAction":[{"@type":"ReadAction","target":["https:\/\/quatrehomme.fr\/plateaux-de-fromages-et-charcuterie\/"]}]},{"@type":"BreadcrumbList","@id":"https:\/\/quatrehomme.fr\/plateaux-de-fromages-et-charcuterie\/#breadcrumb","itemListElement":[{"@type":"ListItem","position":1,"name":"Accueil","item":"https:\/\/quatrehomme.fr\/"},{"@type":"ListItem","position":2,"name":"Plateaux de fromages et charcuterie"}]},{"@type":"WebSite","@id":"https:\/\/quatrehomme.fr\/#website","url":"https:\/\/quatrehomme.fr\/","name":"Cheese dairy in Paris","description":"","publisher":{"@id":"https:\/\/quatrehomme.fr\/#organization"},"potentialAction":[{"@type":"SearchAction","target":{"@type":"EntryPoint","urlTemplate":"https:\/\/quatrehomme.fr\/?s={search_term_string}"},"query-input":{"@type":"PropertyValueSpecification","valueRequired":true,"valueName":"search_term_string"}}],"inLanguage":"en-GB"},{"@type":"Organization","@id":"https:\/\/quatrehomme.fr\/#organization","name":"Cheese dairy in Paris","url":"https:\/\/quatrehomme.fr\/","logo":{"@type":"ImageObject","inLanguage":"en-GB","@id":"https:\/\/quatrehomme.fr\/#\/schema\/logo\/image\/","url":"https:\/\/quatrehomme.fr\/wp-content\/uploads\/2025\/01\/logo_light-1.png","contentUrl":"https:\/\/quatrehomme.fr\/wp-content\/uploads\/2025\/01\/logo_light-1.png","width":928,"height":656,"caption":"Fromagerie \u00e0 Paris"},"image":{"@id":"https:\/\/quatrehomme.fr\/#\/schema\/logo\/image\/"}}]}},"_links":{"self":[{"href":"https:\/\/quatrehomme.fr\/en\/wp-json\/wp\/v2\/pages\/4484","targetHints":{"allow":["GET"]}}],"collection":[{"href":"https:\/\/quatrehomme.fr\/en\/wp-json\/wp\/v2\/pages"}],"about":[{"href":"https:\/\/quatrehomme.fr\/en\/wp-json\/wp\/v2\/types\/page"}],"author":[{"embeddable":true,"href":"https:\/\/quatrehomme.fr\/en\/wp-json\/wp\/v2\/users\/2"}],"replies":[{"embeddable":true,"href":"https:\/\/quatrehomme.fr\/en\/wp-json\/wp\/v2\/comments?post=4484"}],"version-history":[{"count":13,"href":"https:\/\/quatrehomme.fr\/en\/wp-json\/wp\/v2\/pages\/4484\/revisions"}],"predecessor-version":[{"id":4586,"href":"https:\/\/quatrehomme.fr\/en\/wp-json\/wp\/v2\/pages\/4484\/revisions\/4586"}],"wp:attachment":[{"href":"https:\/\/quatrehomme.fr\/en\/wp-json\/wp\/v2\/media?parent=4484"}],"curies":[{"name":"wp","href":"https:\/\/api.w.org\/{rel}","templated":true}]}}